{"id":1802,"date":"2016-05-31T10:09:23","date_gmt":"2016-05-31T08:09:23","guid":{"rendered":"http:\/\/www.kolpacki.com\/it\/?page_id=1802"},"modified":"2019-11-28T13:39:04","modified_gmt":"2019-11-28T12:39:04","slug":"datenschutz","status":"publish","type":"page","link":"http:\/\/www.kolpacki.com\/it\/datenschutz\/","title":{"rendered":"Datenschutz"},"content":{"rendered":"<p><div class=\"fusion-fullwidth fullwidth-box fusion-builder-row-1 nonhundred-percent-fullwidth non-hundred-percent-height-scrolling\" style=\"--awb-background-position:left top;--awb-border-radius-top-left:0px;--awb-border-radius-top-right:0px;--awb-border-radius-bottom-right:0px;--awb-border-radius-bottom-left:0px;--awb-padding-top:20px;--awb-padding-bottom:20px;--awb-border-sizes-top:0px;--awb-border-sizes-bottom:0px;\" ><div class=\"fusion-builder-row fusion-row\"><div class=\"fusion-layout-column fusion_builder_column fusion-builder-column-0 fusion_builder_column_1_1 1_1 fusion-one-full fusion-column-first fusion-column-last fusion-column-no-min-height\" style=\"--awb-bg-size:cover;--awb-margin-top:0px;--awb-margin-bottom:0px;\"><div class=\"fusion-column-wrapper fusion-flex-column-wrapper-legacy\"><div class=\"fusion-title title fusion-title-1 fusion-sep-none fusion-title-text fusion-title-size-one\"><h1 class=\"title-heading-left\" style=\"margin:0;\">Data protection<\/h1><\/div><div class=\"fusion-clearfix\"><\/div><\/div><\/div><\/div><\/div><div class=\"fusion-fullwidth fullwidth-box fusion-builder-row-2 nonhundred-percent-fullwidth non-hundred-percent-height-scrolling\" style=\"--awb-background-position:left top;--awb-border-radius-top-left:0px;--awb-border-radius-top-right:0px;--awb-border-radius-bottom-right:0px;--awb-border-radius-bottom-left:0px;--awb-padding-top:20px;--awb-padding-bottom:20px;--awb-border-sizes-top:0px;--awb-border-sizes-bottom:0px;\" ><div class=\"fusion-builder-row fusion-row\"><div class=\"fusion-layout-column fusion_builder_column fusion-builder-column-1 fusion_builder_column_1_1 1_1 fusion-one-full fusion-column-first fusion-column-last fusion-column-no-min-height\" style=\"--awb-bg-size:cover;--awb-margin-top:0px;--awb-margin-bottom:0px;\"><div class=\"fusion-column-wrapper fusion-flex-column-wrapper-legacy\"><div class=\"fusion-text fusion-text-1\"><p>Die nachfolgende Datenschutzerkl\u00e4rung gilt f\u00fcr die Nutzung unseres Online-Angebots <em>www.kolpacki.com <\/em>(nachfolgend \u201eWebsite\u201c).<\/p>\n<p>Wir messen dem Datenschutz gro\u00dfe Bedeutung bei. Die Erhebung und Verarbeitung Ihrer personenbezogenen Daten geschieht unter Beachtung der geltenden datenschutzrechtlichen Vorschriften, insbesondere der Datenschutzgrundverordnung (DSGVO).<\/p>\n<h1>1\u00a0\u00a0\u00a0\u00a0\u00a0\u00a0\u00a0 Verantwortlicher<\/h1>\n<p>Verantwortlicher f\u00fcr die Erhebung, Verarbeitung und Nutzung Ihrer personenbezogenen Daten im Sinne von Art. 4 Nr. 7 DSGVO ist<\/p>\n<p>Kolpacki Messebauteam<\/p>\n<p>Inhaber: Rainer Kolpacki<\/p>\n<p>Brunnenweg 2<\/p>\n<p>D-51789 Lindlar<\/p>\n<p>Deutschland<\/p>\n<p>Tel: +49 2266 90 124 0<\/p>\n<p>Fax:+49 2266 90 124 14<\/p>\n<p>Mail: <a href=\"mailto:info@kolpacki.com\">info@kolpacki.com<\/a><\/p>\n<p>Web: <a href=\"http:\/\/www.kolpacki.com\">www.kolpacki.com<\/a><\/p>\n<p>Ust-Id. Nr.: DE 191342479<\/p>\n<p>&nbsp;<\/p>\n<p>Sofern Sie der Erhebung, Verarbeitung oder Nutzung Ihrer Daten durch uns nach Ma\u00dfgabe dieser Datenschutzbestimmungen insgesamt oder f\u00fcr einzelne Ma\u00dfnahmen widersprechen wollen, k\u00f6nnen Sie Ihren Widerspruch an den Verantwortlichen richten.<\/p>\n<p>Sie k\u00f6nnen diese Datenschutzerkl\u00e4rung jederzeit speichern und ausdrucken.<\/p>\n<h1>2\u00a0\u00a0\u00a0\u00a0\u00a0\u00a0\u00a0 Allgemeine Zwecke der Verarbeitung<\/h1>\n<p>Wir verwenden personenbezogene Daten zum Zweck des Betriebs der Website, bei Kontaktanfragen von Ihrer Seite, zur Angebotserstellung und f\u00fcr sporadische, dem Messeturnus unterworfene Kontaktgesuche unsererseits.<\/p>\n<h1>3\u00a0\u00a0\u00a0\u00a0\u00a0\u00a0\u00a0 Welche Daten wir verwenden und warum<\/h1>\n<h2>3.1\u00a0\u00a0\u00a0\u00a0\u00a0\u00a0 Hosting<\/h2>\n<p>Die von uns in Anspruch genommenen Hosting-Leistungen dienen der Zurverf\u00fcgungstellung der folgenden Leistungen: Infrastruktur- und Plattformdienstleistungen, Rechenkapazit\u00e4t, Speicherplatz und Datenbankdienste, Sicherheitsleistungen sowie technische Wartungsleistungen, die wir zum Zweck des Betriebs der Website einsetzen.<\/p>\n<p>Hierbei verarbeiten wir, bzw. unser Hostinganbieter Bestandsdaten, Kontaktdaten, Inhaltsdaten, Vertragsdaten, Nutzungsdaten, Meta- und Kommunikationsdaten von Kunden, Interessenten und Besuchern dieser Website auf Grundlage unserer berechtigten Interessen an einer effizienten und sicheren Zurverf\u00fcgungstellung unserer Website gem. Art. <a href=\"https:\/\/dejure.org\/gesetze\/DSGVO\/6.html\">6<\/a> Abs. 1 S. 1 f) DSGVO i.V.m. Art. <a href=\"https:\/\/dejure.org\/gesetze\/DSGVO\/28.html\">28<\/a> DSGVO.<\/p>\n<h2>3.2\u00a0\u00a0\u00a0\u00a0\u00a0\u00a0 Zugriffsdaten<\/h2>\n<p>Wir sammeln auf unserer Website keine Informationen \u00fcber Sie, wenn Sie diese Website nutzen.<\/p>\n<h2>3.3\u00a0\u00a0\u00a0\u00a0\u00a0\u00a0 Cookies<\/h2>\n<p>Wir verwenden keine Cookies.<\/p>\n<h2>3.4\u00a0\u00a0\u00a0\u00a0\u00a0\u00a0 Daten zur Erf\u00fcllung unserer vertraglichen Pflichten<\/h2>\n<p>Wir verarbeiten personenbezogene Daten, die wir zur Erf\u00fcllung unserer\u00a0vertraglichen Pflichten ben\u00f6tigen, etwa Name, Adresse, E-Mail-Adresse,\u00a0\u00a0bestellte Produkte, Rechnungs- und Zahlungsdaten. Die Erhebung dieser Daten ist f\u00fcr den Vertragsschluss erforderlich.<\/p>\n<p>Die L\u00f6schung der Daten erfolgt nach Ablauf der Gew\u00e4hrleistungsfristen und gesetzlicher Aufbewahrungsfristen. Daten, die mit einem Nutzerkonto verkn\u00fcpft sind (siehe unten), bleiben in jedem Fall f\u00fcr die Zeit der F\u00fchrung dieses Kontos erhalten.<\/p>\n<p>Die Rechtgrundlage f\u00fcr die Verarbeitung dieser Daten ist Art. 6 Abs. 1 S. 1 b) DSGVO, denn diese Daten werden ben\u00f6tigt, damit wir unsere vertraglichen Pflichten Ihnen gegen\u00fcber erf\u00fcllen k\u00f6nnen.<\/p>\n<h2>3.5\u00a0\u00a0\u00a0\u00a0\u00a0\u00a0 Newsletter<\/h2>\n<p>Wir versenden keinen Newsletter.<\/p>\n<h2>3.6\u00a0\u00a0\u00a0\u00a0\u00a0\u00a0 E-Mail Kontakt<\/h2>\n<p>Wenn Sie mit uns in Kontakt treten (z. B. per Kontaktformular oder E-Mail), verarbeiten wir Ihre Angaben zur Bearbeitung der Anfrage sowie f\u00fcr den Fall, dass Anschlussfragen entstehen.<\/p>\n<p>Erfolgt die Datenverarbeitung zur Durchf\u00fchrung vorvertraglicher Ma\u00dfnahmen, die auf Ihre Anfrage hin erfolgen, bzw., wenn Sie bereits unser Kunde sind, zur Durchf\u00fchrung des Vertrages, ist Rechtsgrundlage f\u00fcr diese Datenverarbeitung Art. 6 Abs. 1 S. 1 b) DSGVO.<\/p>\n<p>Weitere personenbezogene Daten verarbeiten wir nur, wenn Sie dazu einwilligen (Art. 6 Abs. 1 S. 1 a) DSGVO) oder wir ein berechtigtes Interesse an der Verarbeitung Ihrer Daten haben (Art. 6 Abs. 1 S. 1 f) DSGVO). Ein berechtigtes Interesse liegt z. B. darin, auf Ihre E-Mail zu antworten.<\/p>\n<h1>4\u00a0\u00a0\u00a0\u00a0\u00a0\u00a0\u00a0 Speicherdauer<\/h1>\n<p>Sofern nicht spezifisch angegeben speichern wir personenbezogene Daten nur so lange, wie dies zur Erf\u00fcllung der verfolgten Zwecke notwendig ist.<\/p>\n<p>In einigen F\u00e4llen sieht der Gesetzgeber die Aufbewahrung von personenbezogenen Daten vor, etwa im Steuer- oder Handelsrecht. In diesen F\u00e4llen werden die Daten von uns lediglich f\u00fcr diese gesetzlichen Zwecke weiter gespeichert, aber nicht anderweitig verarbeitet und nach Ablauf der gesetzlichen Aufbewahrungsfrist gel\u00f6scht.<\/p>\n<h1>5\u00a0\u00a0\u00a0\u00a0\u00a0\u00a0\u00a0 Ihre Rechte als von der Datenverarbeitung Betroffener<\/h1>\n<p>Nach den anwendbaren Gesetzen haben Sie verschiedene Rechte bez\u00fcglich Ihrer personenbezogenen Daten. M\u00f6chten Sie diese Rechte geltend machen, so richten Sie Ihre Anfrage bitte per E-Mail oder per Post unter eindeutiger Identifizierung Ihrer Person an die in Ziffer 1 genannte Adresse.<\/p>\n<p>Nachfolgend finden Sie eine \u00dcbersicht \u00fcber Ihre Rechte.<\/p>\n<h2>5.1\u00a0\u00a0\u00a0\u00a0\u00a0\u00a0 Recht auf Best\u00e4tigung und Auskunft<\/h2>\n<p>Sie haben das Recht auf eine \u00fcbersichtliche Auskunft \u00fcber die Verarbeitung Ihrer personenbezogenen Daten.<\/p>\n<p>Im Einzelnen:<\/p>\n<p>Sie haben jederzeit das Recht, von uns eine Best\u00e4tigung dar\u00fcber zu erhalten, ob Sie betreffende personenbezogene Daten verarbeitet werden. Ist dies der Fall, so haben Sie das Recht, von uns eine unentgeltliche Auskunft \u00fcber die zu Ihnen gespeicherten personenbezogenen Daten nebst einer Kopie dieser Daten zu verlangen. Des Weiteren besteht ein Recht auf folgende Informationen:<\/p>\n<ol>\n<li>die Verarbeitungszwecke;<\/li>\n<li>die Kategorien personenbezogener Daten, die verarbeitet werden;<\/li>\n<li>die Empf\u00e4nger oder Kategorien von Empf\u00e4ngern, gegen\u00fcber denen die personenbezogenen Daten offengelegt worden sind oder noch offengelegt werden, insbesondere bei Empf\u00e4ngern in Drittl\u00e4ndern oder bei internationalen Organisationen;<\/li>\n<li>falls m\u00f6glich, die geplante Dauer, f\u00fcr die die personenbezogenen Daten gespeichert werden, oder, falls dies nicht m\u00f6glich ist, die Kriterien f\u00fcr die Festlegung dieser Dauer;<\/li>\n<li>das Bestehen eines Rechts auf Berichtigung oder L\u00f6schung der Sie betreffenden personenbezogenen Daten oder auf Einschr\u00e4nkung der Verarbeitung durch den Verantwortlichen oder eines Widerspruchsrechts gegen diese Verarbeitung;<\/li>\n<li>das Bestehen eines Beschwerderechts bei einer Aufsichtsbeh\u00f6rde;<\/li>\n<li>wenn die personenbezogenen Daten nicht bei Ihnen erhoben werden, alle verf\u00fcgbaren Informationen \u00fcber die Herkunft der Daten;<\/li>\n<li>das Bestehen einer automatisierten Entscheidungsfindung einschlie\u00dflich Profiling gem\u00e4\u00df\u00a0<a href=\"https:\/\/dsgvo-gesetz.de\/art-22-dsgvo\/\"> 22<\/a>Abs. 1 und 4 DSGVO und \u2013 zumindest in diesen F\u00e4llen \u2013 aussagekr\u00e4ftige Informationen \u00fcber die involvierte Logik sowie die Tragweite und die angestrebten Auswirkungen einer derartigen Verarbeitung f\u00fcr Sie.<\/li>\n<\/ol>\n<p>Werden personenbezogene Daten an ein Drittland oder an eine internationale Organisation \u00fcbermittelt, so haben Sie das Recht, \u00fcber die geeigneten Garantien gem\u00e4\u00df Art. 46 DSGVO im Zusammenhang mit der \u00dcbermittlung unterrichtet zu werden.<\/p>\n<h2>5.2\u00a0\u00a0\u00a0\u00a0\u00a0\u00a0 Recht auf Berichtigung<\/h2>\n<p>Sie haben das Recht, von uns die Berichtigung und ggf. auch Vervollst\u00e4ndigung Sie betreffender personenbezogener Daten zu verlangen.<\/p>\n<p>Im Einzelnen:<\/p>\n<p>Sie haben das Recht, von uns unverz\u00fcglich die Berichtigung Sie betreffender unrichtiger personenbezogener Daten zu verlangen. Unter Ber\u00fccksichtigung der Zwecke der Verarbeitung haben Sie das Recht, die Vervollst\u00e4ndigung unvollst\u00e4ndiger personenbezogener Daten \u2013 auch mittels einer erg\u00e4nzenden Erkl\u00e4rung \u2013 zu verlangen.<\/p>\n<h2>5.3\u00a0\u00a0\u00a0\u00a0\u00a0\u00a0 Recht auf L\u00f6schung (&#8220;Recht auf Vergessenwerden&#8221;)<\/h2>\n<p>In einer Reihe von F\u00e4llen sind wir verpflichtet, Sie betreffende personenbezogene Daten zu l\u00f6schen.<\/p>\n<p>Im Einzelnen:<\/p>\n<p>Sie haben gem\u00e4\u00df Art. 17 Abs. 1 DSGVO das Recht, von uns zu verlangen, dass Sie betreffende personenbezogene Daten unverz\u00fcglich gel\u00f6scht werden, und wir sind verpflichtet, personenbezogene Daten unverz\u00fcglich zu l\u00f6schen, sofern einer der folgenden Gr\u00fcnde zutrifft:<\/p>\n<ol>\n<li>Die personenbezogenen Daten sind f\u00fcr die Zwecke, f\u00fcr die sie erhoben oder auf sonstige Weise verarbeitet wurden, nicht mehr notwendig.<\/li>\n<li>Sie widerrufen Ihre Einwilligung, auf die sich die Verarbeitung gem\u00e4\u00df\u00a0<a href=\"https:\/\/dsgvo-gesetz.de\/art-6-dsgvo\/\">Art. 6<\/a>Abs. 1 1 \u00a0a) DSGVO oder\u00a0<a href=\"https:\/\/dsgvo-gesetz.de\/art-9-dsgvo\/\">Art. 9<\/a>\u00a0Abs. 2 a) DSGVO st\u00fctzte, und es fehlt an einer anderweitigen Rechtsgrundlage f\u00fcr die Verarbeitung.<\/li>\n<li>Sie legen gem\u00e4\u00df\u00a0<a href=\"https:\/\/dsgvo-gesetz.de\/art-21-dsgvo\/\">Art. 21<\/a>Abs. 1 DSGVO Widerspruch gegen die Verarbeitung ein und es liegen keine vorrangigen berechtigten Gr\u00fcnde f\u00fcr die Verarbeitung vor, oder Sie legen gem\u00e4\u00df\u00a0<a href=\"https:\/\/dsgvo-gesetz.de\/art-21-dsgvo\/\">Art. 21<\/a>\u00a0Abs. 2 DSGVO Widerspruch gegen die Verarbeitung ein.<\/li>\n<li>Die personenbezogenen Daten wurden unrechtm\u00e4\u00dfig verarbeitet.<\/li>\n<li>Die L\u00f6schung der personenbezogenen Daten ist zur Erf\u00fcllung einer rechtlichen Verpflichtung nach dem Unionsrecht oder dem Recht der Mitgliedstaaten erforderlich, dem wir unterliegen.<\/li>\n<li>Die personenbezogenen Daten wurden in Bezug auf angebotene Dienste der Informationsgesellschaft gem\u00e4\u00df\u00a0<a href=\"https:\/\/dsgvo-gesetz.de\/art-8-dsgvo\/\">Art. 8<\/a>Abs. 1 DSGVO erhoben.<\/li>\n<\/ol>\n<p>Haben wir die personenbezogenen Daten \u00f6ffentlich gemacht und sind wir gem\u00e4\u00df Art. 17 Abs. 1 DSGVO zu deren L\u00f6schung verpflichtet, so treffen wir unter Ber\u00fccksichtigung der verf\u00fcgbaren Technologie und der Implementierungskosten angemessene Ma\u00dfnahmen, auch technischer Art, um f\u00fcr die Datenverarbeitung Verantwortliche, die die personenbezogenen Daten verarbeiten, dar\u00fcber zu informieren, dass Sie von ihnen die L\u00f6schung aller Links zu diesen personenbezogenen Daten oder von Kopien oder Replikationen dieser personenbezogenen Daten verlangt haben.<\/p>\n<h2>5.4\u00a0\u00a0\u00a0\u00a0\u00a0\u00a0 Recht auf Einschr\u00e4nkung der Verarbeitung<\/h2>\n<p>In einer Reihe von F\u00e4llen sind Sie berechtigt, von uns eine Einschr\u00e4nkung der Verarbeitung Ihrer personenbezogenen Daten zu verlangen.<\/p>\n<p>Im Einzelnen:<\/p>\n<p>Sie haben das Recht, von uns die Einschr\u00e4nkung der Verarbeitung zu verlangen, wenn eine der folgenden Voraussetzungen gegeben ist:<\/p>\n<ol>\n<li>die Richtigkeit der personenbezogenen Daten wird von Ihnen bestritten, und zwar f\u00fcr eine Dauer, die es uns erm\u00f6glicht, die Richtigkeit der personenbezogenen Daten zu \u00fcberpr\u00fcfen,<\/li>\n<li>die Verarbeitung unrechtm\u00e4\u00dfig ist und Sie die L\u00f6schung der personenbezogenen Daten ablehnten und stattdessen die Einschr\u00e4nkung der Nutzung der personenbezogenen Daten verlangt haben;<\/li>\n<li>wir die personenbezogenen Daten f\u00fcr die Zwecke der Verarbeitung nicht l\u00e4nger ben\u00f6tigen, Sie die Daten jedoch zur Geltendmachung, Aus\u00fcbung oder Verteidigung von Rechtsanspr\u00fcchen ben\u00f6tigen, oder<\/li>\n<li>Sie Widerspruch gegen die Verarbeitung gem\u00e4\u00df\u00a0<a href=\"https:\/\/dsgvo-gesetz.de\/art-21-dsgvo\/\">Art. 21<\/a>Abs. 1 DSGVO eingelegt haben, solange noch nicht feststeht, ob die berechtigten Gr\u00fcnde unseres Unternehmens gegen\u00fcber den Ihren \u00fcberwiegen.<\/li>\n<\/ol>\n<h2>5.5\u00a0\u00a0\u00a0\u00a0\u00a0\u00a0 Recht auf Daten\u00fcbertragbarkeit<\/h2>\n<p>Sie haben das Recht, Sie betreffende personenbezogene Daten maschinenlesbar zu erhalten, zu \u00fcbermitteln, oder von uns \u00fcbermitteln zu lasen.<\/p>\n<p>Im Einzelnen:<\/p>\n<p>Sie haben das Recht, die Sie betreffenden personenbezogenen Daten, die Sie uns bereitgestellt haben, in einem strukturierten, g\u00e4ngigen und maschinenlesbaren Format zu erhalten, und Sie haben das Recht, diese Daten einem anderen Verantwortlichen ohne Behinderung durch uns zu \u00fcbermitteln, sofern<\/p>\n<ol>\n<li>die Verarbeitung auf einer Einwilligung gem\u00e4\u00df\u00a0<a href=\"https:\/\/dsgvo-gesetz.de\/art-6-dsgvo\/\">Art. 6<\/a>Abs. 1 1 a) DSGVO oder\u00a0<a href=\"https:\/\/dsgvo-gesetz.de\/art-9-dsgvo\/\">Art. 9<\/a>\u00a0Abs. 2 a) DSGVO oder auf einem Vertrag gem\u00e4\u00df\u00a0<a href=\"https:\/\/dsgvo-gesetz.de\/art-6-dsgvo\/\">Art. 6<\/a>\u00a0Abs. 1 S. 1 b) DSGVO beruht und<\/li>\n<li>die Verarbeitung mithilfe automatisierter Verfahren erfolgt.<\/li>\n<\/ol>\n<p>Bei der Aus\u00fcbung Ihres Rechts auf Daten\u00fcbertragbarkeit gem\u00e4\u00df Absatz 1 haben Sie das Recht, zu erwirken, dass die personenbezogenen Daten direkt von uns einem anderen Verantwortlichen \u00fcbermittelt werden, soweit dies technisch machbar ist.<\/p>\n<h2>5.6\u00a0\u00a0\u00a0\u00a0\u00a0\u00a0 Widerspruchsrecht<\/h2>\n<p>Sie haben das Recht, auch einer rechtm\u00e4\u00dfigen Verarbeitung Ihrer personenbezogenen Daten durch uns zu widersprechen, wenn sich dies aus Ihrer besonderen Situation begr\u00fcndet und unsere Interessen an der Verarbeitung nicht \u00fcberwiegen.<\/p>\n<p>Im Einzelnen:<\/p>\n<p>Sie haben das Recht, aus Gr\u00fcnden, die sich aus Ihrer besonderen Situation ergeben, jederzeit gegen die Verarbeitung Sie betreffender personenbezogener Daten, die aufgrund von\u00a0<a href=\"https:\/\/dsgvo-gesetz.de\/art-6-dsgvo\/\">Art. 6<\/a>\u00a0Abs. 1 S. 1 e) oder f) DSGVO erfolgt, Widerspruch einzulegen; dies gilt auch f\u00fcr ein auf diese Bestimmungen gest\u00fctztes Profiling. Wir verarbeiten die personenbezogenen Daten nicht mehr, es sei denn, wir k\u00f6nnen zwingende schutzw\u00fcrdige Gr\u00fcnde f\u00fcr die Verarbeitung nachweisen, die Ihre Interessen, Rechte und Freiheiten \u00fcberwiegen, oder die Verarbeitung dient der Geltendmachung, Aus\u00fcbung oder Verteidigung von Rechtsanspr\u00fcchen.<\/p>\n<p>Werden personenbezogene Daten von uns verarbeitet, um Direktwerbung zu betreiben, so haben Sie das Recht, jederzeit Widerspruch gegen die Verarbeitung Sie betreffender personenbezogener Daten zum Zwecke derartiger Werbung einzulegen; dies gilt auch f\u00fcr das Profiling, soweit es mit solcher Direktwerbung in Verbindung steht.<\/p>\n<p>Sie haben das Recht, aus Gr\u00fcnden, die sich aus Ihrer besonderen Situation ergeben, gegen die Sie betreffende Verarbeitung Sie betreffender personenbezogener Daten, die zu wissenschaftlichen oder historischen Forschungszwecken oder zu statistischen Zwecken gem\u00e4\u00df\u00a0<a href=\"https:\/\/dsgvo-gesetz.de\/art-89-dsgvo\/\">Art. 89<\/a>\u00a0Abs. 1 DSGVO erfolgt, Widerspruch einzulegen, es sei denn, die Verarbeitung ist zur Erf\u00fcllung einer im \u00f6ffentlichen Interesse liegenden Aufgabe erforderlich.<\/p>\n<h2>5.7\u00a0\u00a0\u00a0\u00a0\u00a0\u00a0 Automatisierte Entscheidungen einschlie\u00dflich Profiling<\/h2>\n<p>Sie haben das Recht, nicht einer ausschlie\u00dflich auf einer automatisierten Verarbeitung \u2013 einschlie\u00dflich Profiling \u2013 beruhenden Entscheidung unterworfen zu werden, die Ihnen gegen\u00fcber rechtliche Wirkung entfaltet oder Sie in \u00e4hnlicher Weise erheblich beeintr\u00e4chtigt.<\/p>\n<p>Eine automatisierte Entscheidungsfindung auf der Grundlage der erhobenen personenbezogenen Daten findet nicht statt.<\/p>\n<h2>5.8\u00a0\u00a0\u00a0\u00a0\u00a0\u00a0 Recht auf Widerruf einer datenschutzrechtlichen Einwilligung<\/h2>\n<p>Sie haben das Recht, eine Einwilligung zur Verarbeitung personenbezogener Daten jederzeit zu widerrufen.<\/p>\n<h2>5.9\u00a0\u00a0\u00a0\u00a0\u00a0\u00a0 Recht auf Beschwerde bei einer Aufsichtsbeh\u00f6rde<\/h2>\n<p>Sie haben das Recht auf Beschwerde bei einer Aufsichtsbeh\u00f6rde, insbesondere in dem Mitgliedstaat Ihres Aufenthaltsorts, Ihres Arbeitsplatzes oder des Orts des mutma\u00dflichen Versto\u00dfes, wenn Sie der Ansicht sind, dass die Verarbeitung der Sie betreffenden personenbezogenen Daten rechtswidrig ist.<\/p>\n<h1>6\u00a0\u00a0\u00a0\u00a0\u00a0\u00a0\u00a0 Datensicherheit<\/h1>\n<p>Wir sind um die Sicherheit Ihrer Daten im Rahmen der geltenden Datenschutzgesetze und technischen M\u00f6glichkeiten maximal bem\u00fcht.<\/p>\n<p>Wir gew\u00e4hrleisten au\u00dferdem nicht, dass unser Angebot zu bestimmten Zeiten zur Verf\u00fcgung steht; St\u00f6rungen, Unterbrechungen oder Ausf\u00e4lle k\u00f6nnen nicht ausgeschlossen werden. Die von uns verwendeten Server werden regelm\u00e4\u00dfig sorgf\u00e4ltig gesichert.<\/p>\n<h1>7\u00a0\u00a0\u00a0\u00a0\u00a0\u00a0\u00a0 Weitergabe von Daten an Dritte, keine Daten\u00fcbertragung ins Nicht-EU-Ausland<\/h1>\n<p>Grunds\u00e4tzlich verwenden wir Ihre personenbezogenen Daten nur innerhalb unseres Unternehmens.<\/p>\n<p>Wenn und soweit wir Dritte im Rahmen der Erf\u00fcllung von Vertr\u00e4gen einschalten (etwa Logistik-Dienstleister), erhalten diese personenbezogene Daten nur in dem Umfang, in welchem die \u00dcbermittlung f\u00fcr die entsprechende Leistung erforderlich ist.<\/p>\n<p>F\u00fcr den Fall, dass wir bestimmte Teile der Datenverarbeitung auslagern (\u201eAuftragsverarbeitung\u201c), verpflichten wir Auftragsverarbeiter vertraglich dazu, personenbezogene Daten nur im Einklang mit den Anforderungen der Datenschutzgesetze zu verwenden und den Schutz der Rechte der betroffenen Person zu gew\u00e4hrleisten.<\/p>\n<p>Eine Daten\u00fcbertragung an Stellen oder Personen au\u00dferhalb der EU au\u00dferhalb des in dieser Erkl\u00e4rung in Ziffer 4 genannten Falls findet nicht statt und ist nicht geplant.<\/p>\n<h1>8\u00a0\u00a0\u00a0\u00a0\u00a0\u00a0\u00a0 Datenschutzbeauftragter<\/h1>\n<p>Sollten Sie noch Fragen oder Bedenken zum Datenschutz haben, so wenden Sie sich bitte an unseren Datenschutzbeauftragten:<\/p>\n<p>&nbsp;<\/p>\n<p><strong><em>Constanze Glauer-Kolpacki<\/em><\/strong><\/p>\n<p><em>Brunnenweg 2<\/em><\/p>\n<p><em>D-51789 Lindlar<\/em><\/p>\n<p><em>Deutschland<\/em><\/p>\n<p><em>Tel: +49 2266 90 124 0<\/em><\/p>\n<p><em>mail: c.glauer@kolpacki.com<\/em><\/p>\n<p>&nbsp;<\/p>\n<p>&nbsp;<\/p>\n<p>Rainer Kolpacki does not guarantee for actuality, correctness, completeness or quality of the supplied information.<\/p>\n<p>Liability claims against Rainer Kolpacki regarding direct, indirect or consequential damage of a material or non-pecuniary nature caused through the use or non-use of the information presented or as a result of erroneous and incomplete information, are fundamentally excluded, insofar as there is no demonstrable fault of an intentional or grossly negligent nature on the part of Rainer Kolpacki.<\/p>\n<p>All offers are provisional and without obligation. Rainer Kolpacki expressly reserves the right to change, expand, delete or cease publication of parts of the site or the entire site without prior notification.<\/p>\n<p>Advice concerning external links:<\/p>\n<p>In the case of direct or indirect links to third party Internet sites, which are not within the author&#8217;s area of responsibility, Rainer Kolpacki may be held liable only and exclusively if he had knowledge of the contents and if it had been technically feasible and reasonable to prevent the use in the case of illegal contents. Links are always &#8220;living&#8221; (dynamic) references. Rainer Kolpacki therefore explicitly declares that at the time of linking the linked pages were free of any illegal contents. Rainer Kolpacki has no influence at all on the current and future arrangement and contents of the linked pages. Rainer Kolpacki therefore explicitly distances himself from all contents of all linked sites, which have been altered after the linking. This statement applies to all links and references within Rainer Kolpacki&#8217;s own Internet site.<\/p>\n<p>Only when it finds out or is informed by others that a website to which it is providing a link creates liability under civil or criminal law will Rainer Kolpacki abandon the link to this website, provided this is technologically possible and reasonable. The technological possibility and reasonableness are not influenced by the fact that even after preventing access to these links from this homepage these websites which are liable under civil or criminal law might be accessed from other servers.<\/p>\n<\/div><div class=\"fusion-clearfix\"><\/div><\/div><\/div><\/div><\/div><\/p>\n","protected":false},"excerpt":{"rendered":"","protected":false},"author":2,"featured_media":0,"parent":0,"menu_order":36,"comment_status":"closed","ping_status":"closed","template":"","meta":[],"_links":{"self":[{"href":"http:\/\/www.kolpacki.com\/it\/wp-json\/wp\/v2\/pages\/1802"}],"collection":[{"href":"http:\/\/www.kolpacki.com\/it\/wp-json\/wp\/v2\/pages"}],"about":[{"href":"http:\/\/www.kolpacki.com\/it\/wp-json\/wp\/v2\/types\/page"}],"author":[{"embeddable":true,"href":"http:\/\/www.kolpacki.com\/it\/wp-json\/wp\/v2\/users\/2"}],"replies":[{"embeddable":true,"href":"http:\/\/www.kolpacki.com\/it\/wp-json\/wp\/v2\/comments?post=1802"}],"version-history":[{"count":5,"href":"http:\/\/www.kolpacki.com\/it\/wp-json\/wp\/v2\/pages\/1802\/revisions"}],"predecessor-version":[{"id":2304,"href":"http:\/\/www.kolpacki.com\/it\/wp-json\/wp\/v2\/pages\/1802\/revisions\/2304"}],"wp:attachment":[{"href":"http:\/\/www.kolpacki.com\/it\/wp-json\/wp\/v2\/media?parent=1802"}],"curies":[{"name":"wp","href":"https:\/\/api.w.org\/{rel}","templated":true}]}}